{"id":2405,"date":"2022-01-13T13:12:25","date_gmt":"2022-01-13T13:12:25","guid":{"rendered":"https:\/\/demo.crocoblock.com\/medcenter-new\/?page_id=2405"},"modified":"2024-07-10T06:47:29","modified_gmt":"2024-07-10T06:47:29","slug":"contact","status":"publish","type":"page","link":"https:\/\/smileprof.com\/en\/contact\/","title":{"rendered":"Contact"},"content":{"rendered":"<div data-elementor-type=\"wp-page\" data-elementor-id=\"2405\" class=\"elementor elementor-2405\">\n\t\t\t\t<div class=\"elementor-element elementor-element-bc96ec7 e-flex e-con-boxed e-con e-parent\" data-id=\"bc96ec7\" data-element_type=\"container\">\n\t\t\t\t\t<div class=\"e-con-inner\">\n\t\t\t\t<div class=\"elementor-element elementor-element-bee9a9c elementor-widget elementor-widget-google_maps\" data-id=\"bee9a9c\" data-element_type=\"widget\" data-widget_type=\"google_maps.default\">\n\t\t\t\t<div class=\"elementor-widget-container\">\n\t\t\t\t\t\t\t<div class=\"elementor-custom-embed\">\n\t\t\t<iframe loading=\"lazy\"\n\t\t\t\t\tsrc=\"https:\/\/maps.google.com\/maps?q=Yukar%C4%B1%20Dikmen%20Mahallesi%20636.%20cadde%20aytekinler%20apartman%C4%B1&#038;t=m&#038;z=13&#038;output=embed&#038;iwloc=near\"\n\t\t\t\t\ttitle=\"Yukar\u0131 Dikmen Mahallesi 636. cadde aytekinler apartman\u0131\"\n\t\t\t\t\taria-label=\"Yukar\u0131 Dikmen Mahallesi 636. cadde aytekinler apartman\u0131\"\n\t\t\t><\/iframe>\n\t\t<\/div>\n\t\t\t\t\t\t<\/div>\n\t\t\t\t<\/div>\n\t\t\t\t\t<\/div>\n\t\t\t\t<\/div>\n\t\t<div class=\"elementor-element elementor-element-aab711a e-flex e-con-boxed e-con e-parent\" data-id=\"aab711a\" data-element_type=\"container\">\n\t\t\t\t\t<div class=\"e-con-inner\">\n\t\t<div class=\"elementor-element elementor-element-08ec924 e-flex e-con-boxed e-con e-child\" data-id=\"08ec924\" data-element_type=\"container\" data-settings=\"{&quot;background_background&quot;:&quot;classic&quot;}\">\n\t\t\t\t\t<div class=\"e-con-inner\">\n\t\t\t\t<div class=\"elementor-element elementor-element-1b229a2 elementor-widget elementor-widget-heading\" data-id=\"1b229a2\" data-element_type=\"widget\" data-widget_type=\"heading.default\">\n\t\t\t\t<div class=\"elementor-widget-container\">\n\t\t\t\t\t<h2 class=\"elementor-heading-title elementor-size-default\">CONTACT US!<\/h2>\t\t\t\t<\/div>\n\t\t\t\t<\/div>\n\t\t\t\t<div class=\"elementor-element elementor-element-aaf8897 elementor-widget__width-initial fluentform-widget-submit-button-custom elementor-widget elementor-widget-fluent-form-widget\" data-id=\"aaf8897\" data-element_type=\"widget\" data-widget_type=\"fluent-form-widget.default\">\n\t\t\t\t<div class=\"elementor-widget-container\">\n\t\t\t\t\t\n            <div class=\"fluentform-widget-wrapper fluentform-widget-align-default\">\n\n            \n            <div class='fluentform ff-default fluentform_wrapper_1 ffs_default_wrap'><form data-form_id=\"1\" id=\"fluentform_1\" class=\"frm-fluent-form fluent_form_1 ff-el-form-top ff_form_instance_1_1 ff-form-loading ffs_default\" data-form_instance=\"ff_form_instance_1_1\" method=\"POST\" action=\"\" ><fieldset  style=\"border: none!important;margin: 0!important;padding: 0!important;background-color: transparent!important;box-shadow: none!important;outline: none!important; min-inline-size: 100%;\">\n                    <legend class=\"ff_screen_reader_title\" style=\"display: block; margin: 0!important;padding: 0!important;height: 0!important;text-indent: -999999px;width: 0!important;overflow:hidden;\">Contact Form Demo<\/legend><input type='hidden' name='__fluent_form_embded_post_id' value='2405' \/><input type=\"hidden\" id=\"_fluentform_1_fluentformnonce\" name=\"_fluentform_1_fluentformnonce\" value=\"8a5c7b8d11\" \/><input type=\"hidden\" name=\"_wp_http_referer\" value=\"\/en\/wp-json\/wp\/v2\/pages\/2405\" \/><div class='ff-el-group'><div class='ff-el-input--content'><input type=\"text\" name=\"input_text\" class=\"ff-el-form-control\" placeholder=\"Name -Surname\" data-name=\"input_text\" id=\"ff_1_input_text\"  aria-invalid=\"false\" aria-required=\"false\"><\/div><\/div><div class='ff-el-group'><div class='ff-el-input--content'><input type=\"email\" name=\"email\" id=\"ff_1_email\" class=\"ff-el-form-control\" placeholder=\"E-mail\" data-name=\"email\"  aria-invalid=\"false\" aria-required=\"true\"><\/div><\/div><div class='ff-el-group'><div class='ff-el-input--content'><input type=\"number\" name=\"numeric_field\" id=\"ff_1_numeric_field\" class=\"ff-el-form-control\" placeholder=\"Your phone number\" data-name=\"numeric_field\" inputmode=\"numeric\" step=\"any\"  aria-invalid=\"false\" aria-required=\"false\"><\/div><\/div><div class='ff-el-group'><div class='ff-el-input--content'><textarea aria-required=\"true\" aria-labelledby=\"label_ff_1_message\" name=\"message\" id=\"ff_1_message\" class=\"ff-el-form-control\" placeholder=\"Your message\" rows=\"4\" cols=\"2\" data-name=\"message\" ><\/textarea><\/div><\/div><div class='ff-el-group ff-text-center ff_submit_btn_wrapper'><button type=\"submit\" class=\"ff-btn ff-btn-submit ff-btn-md ff_btn_style wpf_has_custom_css\"  aria-label=\"Send\">Send<\/button><\/div><\/fieldset><input type=\"hidden\" name=\"trp-form-language\" value=\"en\"\/><\/form><div id='fluentform_1_errors' class='ff-errors-in-stack ff_form_instance_1_1 ff-form-loading_errors ff_form_instance_1_1_errors'><\/div><\/div>            <script type=\"text\/javascript\">\n                window.fluent_form_ff_form_instance_1_1 = {\"id\":\"1\",\"settings\":{\"layout\":{\"labelPlacement\":\"top\",\"helpMessagePlacement\":\"with_label\",\"errorMessagePlacement\":\"inline\",\"cssClassName\":\"\",\"asteriskPlacement\":\"asterisk-right\"},\"restrictions\":{\"denyEmptySubmission\":{\"enabled\":false}}},\"form_instance\":\"ff_form_instance_1_1\",\"form_id_selector\":\"fluentform_1\",\"rules\":{\"input_text\":{\"required\":{\"value\":false,\"message\":\"This field is required\",\"global_message\":\"This field is required\",\"global\":true}},\"email\":{\"required\":{\"value\":true,\"message\":\"This field is required\",\"global\":false,\"global_message\":\"This field is required\"},\"email\":{\"value\":true,\"message\":\"This field must contain a valid email\",\"global\":false,\"global_message\":\"This field must contain a valid email\"}},\"numeric_field\":{\"required\":{\"value\":false,\"message\":\"This field is required\",\"global_message\":\"This field is required\",\"global\":true},\"numeric\":{\"value\":true,\"message\":\"This field must contain numeric value\",\"global_message\":\"This field must contain numeric value\",\"global\":true},\"min\":{\"value\":\"\",\"message\":\"Validation fails for minimum value\",\"global_message\":\"Validation fails for minimum value\",\"global\":true},\"max\":{\"value\":\"\",\"message\":\"Validation fails for maximum value\",\"global_message\":\"Validation fails for maximum value\",\"global\":true},\"digits\":{\"value\":\"\",\"message\":\"Validation fails for limited digits\",\"global_message\":\"Validation fails for limited digits\",\"global\":true}},\"message\":{\"required\":{\"value\":true,\"message\":\"This field is required\",\"global\":false,\"global_message\":\"This field is required\"}}},\"debounce_time\":300};\n                            <\/script>\n                        <\/div>\n\n            \t\t\t\t<\/div>\n\t\t\t\t<\/div>\n\t\t\t\t\t<\/div>\n\t\t\t\t<\/div>\n\t\t<div class=\"elementor-element elementor-element-5d0b500 e-flex e-con-boxed e-con e-child\" data-id=\"5d0b500\" data-element_type=\"container\" data-settings=\"{&quot;background_background&quot;:&quot;classic&quot;}\">\n\t\t\t\t\t<div class=\"e-con-inner\">\n\t\t\t\t<div class=\"elementor-element elementor-element-c4f9821 elementor-widget elementor-widget-heading\" data-id=\"c4f9821\" data-element_type=\"widget\" data-widget_type=\"heading.default\">\n\t\t\t\t<div class=\"elementor-widget-container\">\n\t\t\t\t\t<h2 class=\"elementor-heading-title elementor-size-default\">CONTACT<\/h2>\t\t\t\t<\/div>\n\t\t\t\t<\/div>\n\t\t<div class=\"elementor-element elementor-element-975a091 e-flex e-con-boxed e-con e-child\" data-id=\"975a091\" data-element_type=\"container\">\n\t\t\t\t\t<div class=\"e-con-inner\">\n\t\t<div class=\"elementor-element elementor-element-3922bd5 e-flex e-con-boxed e-con e-child\" data-id=\"3922bd5\" data-element_type=\"container\">\n\t\t\t\t\t<div class=\"e-con-inner\">\n\t\t\t\t<div class=\"elementor-element elementor-element-b4af647 elementor-align-left elementor-icon-list--layout-traditional elementor-list-item-link-full_width elementor-widget elementor-widget-icon-list\" data-id=\"b4af647\" data-element_type=\"widget\" data-widget_type=\"icon-list.default\">\n\t\t\t\t<div class=\"elementor-widget-container\">\n\t\t\t\t\t\t\t<ul class=\"elementor-icon-list-items\">\n\t\t\t\t\t\t\t<li class=\"elementor-icon-list-item\">\n\t\t\t\t\t\t\t\t\t\t\t<span class=\"elementor-icon-list-icon\">\n\t\t\t\t\t\t\t<svg xmlns=\"http:\/\/www.w3.org\/2000\/svg\" width=\"19\" height=\"20\" viewbox=\"0 0 19 20\" fill=\"none\"><path d=\"M3.82111 8.65556C5.34111 11.8 7.79 14.3667 10.7772 15.9778L13.0994 13.5333C13.3844 13.2333 13.8067 13.1333 14.1761 13.2667C15.3583 13.6778 16.6356 13.9 17.9444 13.9C18.525 13.9 19 14.4 19 15.0111V18.8889C19 19.5 18.525 20 17.9444 20C8.03278 20 0 11.5444 0 1.11111C0 0.5 0.475 0 1.05556 0H4.75C5.33056 0 5.80556 0.5 5.80556 1.11111C5.80556 2.5 6.01667 3.83333 6.40722 5.07778C6.52333 5.46667 6.43889 5.9 6.14333 6.21111L3.82111 8.65556Z\" fill=\"white\"><\/path><\/svg>\t\t\t\t\t\t<\/span>\n\t\t\t\t\t\t\t\t\t\t<span class=\"elementor-icon-list-text\">Phone<\/span>\n\t\t\t\t\t\t\t\t\t<\/li>\n\t\t\t\t\t\t<\/ul>\n\t\t\t\t\t\t<\/div>\n\t\t\t\t<\/div>\n\t\t\t\t<div class=\"elementor-element elementor-element-bdbd714 elementor-widget elementor-widget-heading\" data-id=\"bdbd714\" data-element_type=\"widget\" data-widget_type=\"heading.default\">\n\t\t\t\t<div class=\"elementor-widget-container\">\n\t\t\t\t\t<h2 class=\"elementor-heading-title elementor-size-default\"><a href=\"tel:+905011212240\">+90 501 121 22 40<\/a><\/h2>\t\t\t\t<\/div>\n\t\t\t\t<\/div>\n\t\t\t\t\t<\/div>\n\t\t\t\t<\/div>\n\t\t<div class=\"elementor-element elementor-element-687afba e-flex e-con-boxed e-con e-child\" data-id=\"687afba\" data-element_type=\"container\">\n\t\t\t\t\t<div class=\"e-con-inner\">\n\t\t\t\t<div class=\"elementor-element elementor-element-9b8486c elementor-align-left elementor-icon-list--layout-traditional elementor-list-item-link-full_width elementor-widget elementor-widget-icon-list\" data-id=\"9b8486c\" data-element_type=\"widget\" data-widget_type=\"icon-list.default\">\n\t\t\t\t<div class=\"elementor-widget-container\">\n\t\t\t\t\t\t\t<ul class=\"elementor-icon-list-items\">\n\t\t\t\t\t\t\t<li class=\"elementor-icon-list-item\">\n\t\t\t\t\t\t\t\t\t\t\t<span class=\"elementor-icon-list-icon\">\n\t\t\t\t\t\t\t<svg xmlns=\"http:\/\/www.w3.org\/2000\/svg\" width=\"22\" height=\"16\" viewbox=\"0 0 22 16\" fill=\"none\"><path d=\"M19.8 0H2.2C0.99 0 0.011 0.9 0.011 2L0 14C0 15.1 0.99 16 2.2 16H19.8C21.01 16 22 15.1 22 14V2C22 0.9 21.01 0 19.8 0ZM19.8 4L11 9L2.2 4V2L11 7L19.8 2V4Z\" fill=\"white\"><\/path><\/svg>\t\t\t\t\t\t<\/span>\n\t\t\t\t\t\t\t\t\t\t<span class=\"elementor-icon-list-text\">E-mail<\/span>\n\t\t\t\t\t\t\t\t\t<\/li>\n\t\t\t\t\t\t<\/ul>\n\t\t\t\t\t\t<\/div>\n\t\t\t\t<\/div>\n\t\t\t\t<div class=\"elementor-element elementor-element-6a8b6f3 elementor-widget elementor-widget-heading\" data-id=\"6a8b6f3\" data-element_type=\"widget\" data-widget_type=\"heading.default\">\n\t\t\t\t<div class=\"elementor-widget-container\">\n\t\t\t\t\t<h2 class=\"elementor-heading-title elementor-size-default\"><a href=\"mailto:info@smileprof.com\">info@smileprof.com<\/a><\/h2>\t\t\t\t<\/div>\n\t\t\t\t<\/div>\n\t\t\t\t\t<\/div>\n\t\t\t\t<\/div>\n\t\t<div class=\"elementor-element elementor-element-acf40b8 e-flex e-con-boxed e-con e-child\" data-id=\"acf40b8\" data-element_type=\"container\">\n\t\t\t\t\t<div class=\"e-con-inner\">\n\t\t\t\t<div class=\"elementor-element elementor-element-008b30f elementor-align-left elementor-icon-list--layout-traditional elementor-list-item-link-full_width elementor-widget elementor-widget-icon-list\" data-id=\"008b30f\" data-element_type=\"widget\" data-widget_type=\"icon-list.default\">\n\t\t\t\t<div class=\"elementor-widget-container\">\n\t\t\t\t\t\t\t<ul class=\"elementor-icon-list-items\">\n\t\t\t\t\t\t\t<li class=\"elementor-icon-list-item\">\n\t\t\t\t\t\t\t\t\t\t\t<span class=\"elementor-icon-list-icon\">\n\t\t\t\t\t\t\t<svg xmlns=\"http:\/\/www.w3.org\/2000\/svg\" width=\"20\" height=\"26\" viewbox=\"0 0 20 26\" fill=\"none\"><path d=\"M10 12.35C9.0528 12.35 8.14439 12.0076 7.47462 11.3981C6.80485 10.7886 6.42857 9.96195 6.42857 9.1C6.42857 8.23805 6.80485 7.4114 7.47462 6.8019C8.14439 6.19241 9.0528 5.85 10 5.85C10.9472 5.85 11.8556 6.19241 12.5254 6.8019C13.1952 7.4114 13.5714 8.23805 13.5714 9.1C13.5714 9.5268 13.4791 9.94941 13.2996 10.3437C13.1201 10.738 12.857 11.0963 12.5254 11.3981C12.1937 11.6999 11.8 11.9393 11.3667 12.1026C10.9334 12.2659 10.469 12.35 10 12.35ZM10 0C7.34784 0 4.8043 0.958747 2.92893 2.66533C1.05357 4.37191 0 6.68653 0 9.1C0 15.925 10 26 10 26C10 26 20 15.925 20 9.1C20 6.68653 18.9464 4.37191 17.0711 2.66533C15.1957 0.958747 12.6522 0 10 0Z\" fill=\"white\"><\/path><\/svg>\t\t\t\t\t\t<\/span>\n\t\t\t\t\t\t\t\t\t\t<span class=\"elementor-icon-list-text\">Address<\/span>\n\t\t\t\t\t\t\t\t\t<\/li>\n\t\t\t\t\t\t<\/ul>\n\t\t\t\t\t\t<\/div>\n\t\t\t\t<\/div>\n\t\t\t\t<div class=\"elementor-element elementor-element-3806132 elementor-widget__width-initial elementor-widget elementor-widget-heading\" data-id=\"3806132\" data-element_type=\"widget\" data-widget_type=\"heading.default\">\n\t\t\t\t<div class=\"elementor-widget-container\">\n\t\t\t\t\t<h2 class=\"elementor-heading-title elementor-size-default\">Yukar\u0131 Dikmen Mah. 636.Cad. Aytekinler Apt. No:11-A \u00c7ankaya\/Ankara<\/h2>\t\t\t\t<\/div>\n\t\t\t\t<\/div>\n\t\t\t\t\t<\/div>\n\t\t\t\t<\/div>\n\t\t\t\t\t<\/div>\n\t\t\t\t<\/div>\n\t\t\t\t\t<\/div>\n\t\t\t\t<\/div>\n\t\t\t\t\t<\/div>\n\t\t\t\t<\/div>\n\t\t\t\t<\/div>","protected":false},"excerpt":{"rendered":"<p>B\u0130ZE ULA\u015eIN! Contact Form Demo G\u00f6nder \u0130LET\u0130\u015e\u0130M Telefon +90 501 121 22 40 E-mail info@smileprof.com Adres Yukar\u0131 Dikmen Mah. 636.Cad. Aytekinler Apt. No:11-A \u00c7ankaya\/Ankara<\/p>","protected":false},"author":2,"featured_media":0,"parent":0,"menu_order":0,"comment_status":"closed","ping_status":"closed","template":"page-templates\/fullwidth-content.php","meta":{"_jet_sm_ready_style":"","_jet_sm_style":"","_jet_sm_controls_values":"","_jet_sm_fonts_collection":"","_jet_sm_fonts_links":"","footnotes":""},"class_list":["post-2405","page","type-page","status-publish","hentry"],"yoast_head":"<!-- This site is optimized with the Yoast SEO plugin v23.0 - https:\/\/yoast.com\/wordpress\/plugins\/seo\/ -->\n<title>Contact - Smileprof<\/title>\n<meta name=\"robots\" content=\"index, follow, max-snippet:-1, max-image-preview:large, max-video-preview:-1\" \/>\n<link rel=\"canonical\" href=\"https:\/\/smileprof.com\/en\/contact\/\" \/>\n<meta property=\"og:locale\" content=\"en_US\" \/>\n<meta property=\"og:type\" content=\"article\" \/>\n<meta property=\"og:title\" content=\"Contact - Smileprof\" \/>\n<meta property=\"og:description\" content=\"B\u0130ZE ULA\u015eIN! Contact Form Demo G\u00f6nder \u0130LET\u0130\u015e\u0130M Telefon +90 501 121 22 40 E-mail info@smileprof.com Adres Yukar\u0131 Dikmen Mah. 636.Cad. Aytekinler Apt. No:11-A \u00c7ankaya\/Ankara\" \/>\n<meta property=\"og:url\" content=\"https:\/\/smileprof.com\/en\/contact\/\" \/>\n<meta property=\"og:site_name\" content=\"Smileprof\" \/>\n<meta property=\"article:publisher\" content=\"https:\/\/www.facebook.com\/profile.php?id=61559284844640\" \/>\n<meta property=\"article:modified_time\" content=\"2024-07-10T06:47:29+00:00\" \/>\n<meta name=\"twitter:card\" content=\"summary_large_image\" \/>\n<meta name=\"twitter:label1\" content=\"Est. reading time\" \/>\n\t<meta name=\"twitter:data1\" content=\"1 minute\" \/>\n<script type=\"application\/ld+json\" class=\"yoast-schema-graph\">{\"@context\":\"https:\/\/schema.org\",\"@graph\":[{\"@type\":\"WebPage\",\"@id\":\"https:\/\/smileprof.com\/contact\/\",\"url\":\"https:\/\/smileprof.com\/contact\/\",\"name\":\"Contact - Smileprof\",\"isPartOf\":{\"@id\":\"https:\/\/smileprof.com\/#website\"},\"datePublished\":\"2022-01-13T13:12:25+00:00\",\"dateModified\":\"2024-07-10T06:47:29+00:00\",\"breadcrumb\":{\"@id\":\"https:\/\/smileprof.com\/contact\/#breadcrumb\"},\"inLanguage\":\"en-US\",\"potentialAction\":[{\"@type\":\"ReadAction\",\"target\":[\"https:\/\/smileprof.com\/contact\/\"]}]},{\"@type\":\"BreadcrumbList\",\"@id\":\"https:\/\/smileprof.com\/contact\/#breadcrumb\",\"itemListElement\":[{\"@type\":\"ListItem\",\"position\":1,\"name\":\"Home\",\"item\":\"https:\/\/smileprof.com\/\"},{\"@type\":\"ListItem\",\"position\":2,\"name\":\"Contact\"}]},{\"@type\":\"WebSite\",\"@id\":\"https:\/\/smileprof.com\/#website\",\"url\":\"https:\/\/smileprof.com\/\",\"name\":\"Smileprof\",\"description\":\"\",\"publisher\":{\"@id\":\"https:\/\/smileprof.com\/#organization\"},\"potentialAction\":[{\"@type\":\"SearchAction\",\"target\":{\"@type\":\"EntryPoint\",\"urlTemplate\":\"https:\/\/smileprof.com\/?s={search_term_string}\"},\"query-input\":\"required name=search_term_string\"}],\"inLanguage\":\"en-US\"},{\"@type\":\"Organization\",\"@id\":\"https:\/\/smileprof.com\/#organization\",\"name\":\"Smileprof\",\"url\":\"https:\/\/smileprof.com\/\",\"logo\":{\"@type\":\"ImageObject\",\"inLanguage\":\"en-US\",\"@id\":\"https:\/\/smileprof.com\/#\/schema\/logo\/image\/\",\"url\":\"https:\/\/smileprof.com\/wp-content\/uploads\/2020\/03\/logo-2.svg\",\"contentUrl\":\"https:\/\/smileprof.com\/wp-content\/uploads\/2020\/03\/logo-2.svg\",\"width\":81.02,\"height\":11.79,\"caption\":\"Smileprof\"},\"image\":{\"@id\":\"https:\/\/smileprof.com\/#\/schema\/logo\/image\/\"},\"sameAs\":[\"https:\/\/www.facebook.com\/profile.php?id=61559284844640\",\"https:\/\/www.instagram.com\/smileproftr\"]}]}<\/script>\n<!-- \/ Yoast SEO plugin. -->","yoast_head_json":{"title":"Contact - Smileprof","robots":{"index":"index","follow":"follow","max-snippet":"max-snippet:-1","max-image-preview":"max-image-preview:large","max-video-preview":"max-video-preview:-1"},"canonical":"https:\/\/smileprof.com\/en\/contact\/","og_locale":"en_US","og_type":"article","og_title":"Contact - Smileprof","og_description":"B\u0130ZE ULA\u015eIN! Contact Form Demo G\u00f6nder \u0130LET\u0130\u015e\u0130M Telefon +90 501 121 22 40 E-mail info@smileprof.com Adres Yukar\u0131 Dikmen Mah. 636.Cad. Aytekinler Apt. No:11-A \u00c7ankaya\/Ankara","og_url":"https:\/\/smileprof.com\/en\/contact\/","og_site_name":"Smileprof","article_publisher":"https:\/\/www.facebook.com\/profile.php?id=61559284844640","article_modified_time":"2024-07-10T06:47:29+00:00","twitter_card":"summary_large_image","twitter_misc":{"Est. reading time":"1 minute"},"schema":{"@context":"https:\/\/schema.org","@graph":[{"@type":"WebPage","@id":"https:\/\/smileprof.com\/contact\/","url":"https:\/\/smileprof.com\/contact\/","name":"Contact - Smileprof","isPartOf":{"@id":"https:\/\/smileprof.com\/#website"},"datePublished":"2022-01-13T13:12:25+00:00","dateModified":"2024-07-10T06:47:29+00:00","breadcrumb":{"@id":"https:\/\/smileprof.com\/contact\/#breadcrumb"},"inLanguage":"en-US","potentialAction":[{"@type":"ReadAction","target":["https:\/\/smileprof.com\/contact\/"]}]},{"@type":"BreadcrumbList","@id":"https:\/\/smileprof.com\/contact\/#breadcrumb","itemListElement":[{"@type":"ListItem","position":1,"name":"Home","item":"https:\/\/smileprof.com\/"},{"@type":"ListItem","position":2,"name":"Contact"}]},{"@type":"WebSite","@id":"https:\/\/smileprof.com\/#website","url":"https:\/\/smileprof.com\/","name":"Smileprof","description":"","publisher":{"@id":"https:\/\/smileprof.com\/#organization"},"potentialAction":[{"@type":"SearchAction","target":{"@type":"EntryPoint","urlTemplate":"https:\/\/smileprof.com\/?s={search_term_string}"},"query-input":"required name=search_term_string"}],"inLanguage":"en-US"},{"@type":"Organization","@id":"https:\/\/smileprof.com\/#organization","name":"Smileprof","url":"https:\/\/smileprof.com\/","logo":{"@type":"ImageObject","inLanguage":"en-US","@id":"https:\/\/smileprof.com\/#\/schema\/logo\/image\/","url":"https:\/\/smileprof.com\/wp-content\/uploads\/2020\/03\/logo-2.svg","contentUrl":"https:\/\/smileprof.com\/wp-content\/uploads\/2020\/03\/logo-2.svg","width":81.02,"height":11.79,"caption":"Smileprof"},"image":{"@id":"https:\/\/smileprof.com\/#\/schema\/logo\/image\/"},"sameAs":["https:\/\/www.facebook.com\/profile.php?id=61559284844640","https:\/\/www.instagram.com\/smileproftr"]}]}},"_links":{"self":[{"href":"https:\/\/smileprof.com\/en\/wp-json\/wp\/v2\/pages\/2405","targetHints":{"allow":["GET"]}}],"collection":[{"href":"https:\/\/smileprof.com\/en\/wp-json\/wp\/v2\/pages"}],"about":[{"href":"https:\/\/smileprof.com\/en\/wp-json\/wp\/v2\/types\/page"}],"author":[{"embeddable":true,"href":"https:\/\/smileprof.com\/en\/wp-json\/wp\/v2\/users\/2"}],"replies":[{"embeddable":true,"href":"https:\/\/smileprof.com\/en\/wp-json\/wp\/v2\/comments?post=2405"}],"version-history":[{"count":67,"href":"https:\/\/smileprof.com\/en\/wp-json\/wp\/v2\/pages\/2405\/revisions"}],"predecessor-version":[{"id":5138,"href":"https:\/\/smileprof.com\/en\/wp-json\/wp\/v2\/pages\/2405\/revisions\/5138"}],"wp:attachment":[{"href":"https:\/\/smileprof.com\/en\/wp-json\/wp\/v2\/media?parent=2405"}],"curies":[{"name":"wp","href":"https:\/\/api.w.org\/{rel}","templated":true}]}}