{"id":4486,"date":"2024-06-13T11:59:45","date_gmt":"2024-06-13T11:59:45","guid":{"rendered":"https:\/\/smileprof.com\/?page_id=4486"},"modified":"2024-07-10T06:55:37","modified_gmt":"2024-07-10T06:55:37","slug":"saglik-hizmeti-danismanligi","status":"publish","type":"page","link":"https:\/\/smileprof.com\/en\/saglik-hizmeti-danismanligi\/","title":{"rendered":"Healthcare Consultancy"},"content":{"rendered":"<div data-elementor-type=\"wp-page\" data-elementor-id=\"4486\" class=\"elementor elementor-4486\">\n\t\t\t\t<div class=\"elementor-element elementor-element-b84d0cc e-flex e-con-boxed e-con e-parent\" data-id=\"b84d0cc\" data-element_type=\"container\" data-e-type=\"container\">\n\t\t\t\t\t<div class=\"e-con-inner\">\n\t\t\t\t<div class=\"elementor-element elementor-element-a3ca84e elementor-widget elementor-widget-heading\" data-id=\"a3ca84e\" data-element_type=\"widget\" data-e-type=\"widget\" data-widget_type=\"heading.default\">\n\t\t\t\t<div class=\"elementor-widget-container\">\n\t\t\t\t\t<h2 class=\"elementor-heading-title elementor-size-default\">Healthcare Consultancy<\/h2>\t\t\t\t<\/div>\n\t\t\t\t<\/div>\n\t\t\t\t\t<\/div>\n\t\t\t\t<\/div>\n\t\t<div class=\"elementor-element elementor-element-d64954c e-flex e-con-boxed e-con e-parent\" data-id=\"d64954c\" data-element_type=\"container\" data-e-type=\"container\">\n\t\t\t\t\t<div class=\"e-con-inner\">\n\t\t\t\t<div class=\"elementor-element elementor-element-d7bc19f elementor-widget__width-initial elementor-icon-list--layout-traditional elementor-list-item-link-full_width elementor-widget elementor-widget-icon-list\" data-id=\"d7bc19f\" data-element_type=\"widget\" data-e-type=\"widget\" data-widget_type=\"icon-list.default\">\n\t\t\t\t<div class=\"elementor-widget-container\">\n\t\t\t\t\t\t\t<ul class=\"elementor-icon-list-items\">\n\t\t\t\t\t\t\t<li class=\"elementor-icon-list-item\">\n\t\t\t\t\t\t\t\t\t\t\t<span class=\"elementor-icon-list-icon\">\n\t\t\t\t\t\t\t<svg aria-hidden=\"true\" class=\"e-font-icon-svg e-fas-check\" viewbox=\"0 0 512 512\" xmlns=\"http:\/\/www.w3.org\/2000\/svg\"><path d=\"M173.898 439.404l-166.4-166.4c-9.997-9.997-9.997-26.206 0-36.204l36.203-36.204c9.997-9.998 26.207-9.998 36.204 0L192 312.69 432.095 72.596c9.997-9.997 26.207-9.997 36.204 0l36.203 36.204c9.997 9.997 9.997 26.206 0 36.204l-294.4 294.401c-9.998 9.997-26.207 9.997-36.204-.001z\"><\/path><\/svg>\t\t\t\t\t\t<\/span>\n\t\t\t\t\t\t\t\t\t\t<span class=\"elementor-icon-list-text\">With our Health Consultancy Services: We offer you special solutions to help improve your health and quality of life.<\/span>\n\t\t\t\t\t\t\t\t\t<\/li>\n\t\t\t\t\t\t\t\t<li class=\"elementor-icon-list-item\">\n\t\t\t\t\t\t\t\t\t\t\t<span class=\"elementor-icon-list-icon\">\n\t\t\t\t\t\t\t<svg aria-hidden=\"true\" class=\"e-font-icon-svg e-fas-check\" viewbox=\"0 0 512 512\" xmlns=\"http:\/\/www.w3.org\/2000\/svg\"><path d=\"M173.898 439.404l-166.4-166.4c-9.997-9.997-9.997-26.206 0-36.204l36.203-36.204c9.997-9.998 26.207-9.998 36.204 0L192 312.69 432.095 72.596c9.997-9.997 26.207-9.997 36.204 0l36.203 36.204c9.997 9.997 9.997 26.206 0 36.204l-294.4 294.401c-9.998 9.997-26.207 9.997-36.204-.001z\"><\/path><\/svg>\t\t\t\t\t\t<\/span>\n\t\t\t\t\t\t\t\t\t\t<span class=\"elementor-icon-list-text\">By evaluating your health problems, we provide guidance to provide you with access to the most appropriate healthcare services and help you develop a healthy lifestyle.<\/span>\n\t\t\t\t\t\t\t\t\t<\/li>\n\t\t\t\t\t\t\t\t<li class=\"elementor-icon-list-item\">\n\t\t\t\t\t\t\t\t\t\t\t<span class=\"elementor-icon-list-icon\">\n\t\t\t\t\t\t\t<svg aria-hidden=\"true\" class=\"e-font-icon-svg e-fas-check\" viewbox=\"0 0 512 512\" xmlns=\"http:\/\/www.w3.org\/2000\/svg\"><path d=\"M173.898 439.404l-166.4-166.4c-9.997-9.997-9.997-26.206 0-36.204l36.203-36.204c9.997-9.998 26.207-9.998 36.204 0L192 312.69 432.095 72.596c9.997-9.997 26.207-9.997 36.204 0l36.203 36.204c9.997 9.997 9.997 26.206 0 36.204l-294.4 294.401c-9.998 9.997-26.207 9.997-36.204-.001z\"><\/path><\/svg>\t\t\t\t\t\t<\/span>\n\t\t\t\t\t\t\t\t\t\t<span class=\"elementor-icon-list-text\">We are happy to help you achieve the best, safest and fastest health and comfort with our Health Consultancy Services.<\/span>\n\t\t\t\t\t\t\t\t\t<\/li>\n\t\t\t\t\t\t<\/ul>\n\t\t\t\t\t\t<\/div>\n\t\t\t\t<\/div>\n\t\t\t\t\t<\/div>\n\t\t\t\t<\/div>\n\t\t<div class=\"elementor-element elementor-element-86bb104 e-flex e-con-boxed e-con e-parent\" data-id=\"86bb104\" data-element_type=\"container\" data-e-type=\"container\">\n\t\t\t\t\t<div class=\"e-con-inner\">\n\t\t<div class=\"elementor-element elementor-element-6f581d6 e-flex e-con-boxed e-con e-child\" data-id=\"6f581d6\" data-element_type=\"container\" data-e-type=\"container\">\n\t\t\t\t\t<div class=\"e-con-inner\">\n\t\t<div class=\"elementor-element elementor-element-34eabe7 e-flex e-con-boxed e-con e-child\" data-id=\"34eabe7\" data-element_type=\"container\" data-e-type=\"container\">\n\t\t\t\t\t<div class=\"e-con-inner\">\n\t\t\t\t<div class=\"elementor-element elementor-element-1c3847e elementor-widget elementor-widget-heading\" data-id=\"1c3847e\" data-element_type=\"widget\" data-e-type=\"widget\" data-widget_type=\"heading.default\">\n\t\t\t\t<div class=\"elementor-widget-container\">\n\t\t\t\t\t<h2 class=\"elementor-heading-title elementor-size-default\">Our Vision<\/h2>\t\t\t\t<\/div>\n\t\t\t\t<\/div>\n\t\t\t\t<div class=\"elementor-element elementor-element-29f4c3d elementor-widget__width-initial elementor-widget elementor-widget-text-editor\" data-id=\"29f4c3d\" data-element_type=\"widget\" data-e-type=\"widget\" data-widget_type=\"text-editor.default\">\n\t\t\t\t<div class=\"elementor-widget-container\">\n\t\t\t\t\t\t\t\t\t<p>Making Every Person Smile with Health and Happiness We strive to be with you in your health journey by aiming for perfection for you, gaining your trust.<\/p><p>It is our priority to understand the needs of you and your relatives and to find the best treatment options for you.<\/p>\t\t\t\t\t\t\t\t<\/div>\n\t\t\t\t<\/div>\n\t\t\t\t\t<\/div>\n\t\t\t\t<\/div>\n\t\t<div class=\"elementor-element elementor-element-9e2d93a e-flex e-con-boxed e-con e-child\" data-id=\"9e2d93a\" data-element_type=\"container\" data-e-type=\"container\">\n\t\t\t\t\t<div class=\"e-con-inner\">\n\t\t\t\t<div class=\"elementor-element elementor-element-ad68cde elementor-widget elementor-widget-image\" data-id=\"ad68cde\" data-element_type=\"widget\" data-e-type=\"widget\" data-widget_type=\"image.default\">\n\t\t\t\t<div class=\"elementor-widget-container\">\n\t\t\t\t\t\t\t\t\t\t\t\t\t\t\t<img fetchpriority=\"high\" decoding=\"async\" width=\"2560\" height=\"2560\" src=\"https:\/\/smileprof.com\/wp-content\/uploads\/2024\/07\/vizyon_smileprof-scaled.webp\" class=\"attachment-full size-full wp-image-4960\" alt=\"\" srcset=\"https:\/\/smileprof.com\/wp-content\/uploads\/2024\/07\/vizyon_smileprof-scaled.webp 2560w, https:\/\/smileprof.com\/wp-content\/uploads\/2024\/07\/vizyon_smileprof-300x300.webp 300w, https:\/\/smileprof.com\/wp-content\/uploads\/2024\/07\/vizyon_smileprof-1024x1024.webp 1024w, https:\/\/smileprof.com\/wp-content\/uploads\/2024\/07\/vizyon_smileprof-150x150.webp 150w, https:\/\/smileprof.com\/wp-content\/uploads\/2024\/07\/vizyon_smileprof-768x768.webp 768w, https:\/\/smileprof.com\/wp-content\/uploads\/2024\/07\/vizyon_smileprof-1536x1536.webp 1536w, https:\/\/smileprof.com\/wp-content\/uploads\/2024\/07\/vizyon_smileprof-2048x2048.webp 2048w, https:\/\/smileprof.com\/wp-content\/uploads\/2024\/07\/vizyon_smileprof-12x12.webp 12w, https:\/\/smileprof.com\/wp-content\/uploads\/2024\/07\/vizyon_smileprof-230x230.webp 230w, https:\/\/smileprof.com\/wp-content\/uploads\/2024\/07\/vizyon_smileprof-400x400.webp 400w, https:\/\/smileprof.com\/wp-content\/uploads\/2024\/07\/vizyon_smileprof-600x600.webp 600w, https:\/\/smileprof.com\/wp-content\/uploads\/2024\/07\/vizyon_smileprof-640x640.webp 640w\" sizes=\"(max-width: 2560px) 100vw, 2560px\" \/>\t\t\t\t\t\t\t\t\t\t\t\t\t\t\t<\/div>\n\t\t\t\t<\/div>\n\t\t\t\t\t<\/div>\n\t\t\t\t<\/div>\n\t\t\t\t\t<\/div>\n\t\t\t\t<\/div>\n\t\t<div class=\"elementor-element elementor-element-32460fd e-flex e-con-boxed e-con e-child\" data-id=\"32460fd\" data-element_type=\"container\" data-e-type=\"container\">\n\t\t\t\t\t<div class=\"e-con-inner\">\n\t\t<div class=\"elementor-element elementor-element-54bce4e e-flex e-con-boxed e-con e-child\" data-id=\"54bce4e\" data-element_type=\"container\" data-e-type=\"container\">\n\t\t\t\t\t<div class=\"e-con-inner\">\n\t\t\t\t<div class=\"elementor-element elementor-element-27b8973 elementor-widget elementor-widget-heading\" data-id=\"27b8973\" data-element_type=\"widget\" data-e-type=\"widget\" data-widget_type=\"heading.default\">\n\t\t\t\t<div class=\"elementor-widget-container\">\n\t\t\t\t\t<h2 class=\"elementor-heading-title elementor-size-default\">Our Mission<\/h2>\t\t\t\t<\/div>\n\t\t\t\t<\/div>\n\t\t\t\t<div class=\"elementor-element elementor-element-9e5bcb6 elementor-widget__width-initial elementor-widget elementor-widget-text-editor\" data-id=\"9e5bcb6\" data-element_type=\"widget\" data-e-type=\"widget\" data-widget_type=\"text-editor.default\">\n\t\t\t\t<div class=\"elementor-widget-container\">\n\t\t\t\t\t\t\t\t\t<p>To provide quality, reliable and innovative solutions to all segments of society by adopting the principle of excellence and accessibility in health services. In order to increase the health and quality of life of our patients by meeting their needs at the highest level; To demonstrate an approach that is committed to ethical values, patient-oriented and scientifically based.<\/p><p>We aim to be a leading and exemplary institution in all fields of health services by constantly improving the knowledge and skills of our health professionals.<\/p>\t\t\t\t\t\t\t\t<\/div>\n\t\t\t\t<\/div>\n\t\t\t\t\t<\/div>\n\t\t\t\t<\/div>\n\t\t<div class=\"elementor-element elementor-element-8aafa23 e-con-full e-flex e-con e-child\" data-id=\"8aafa23\" data-element_type=\"container\" data-e-type=\"container\">\n\t\t\t\t<div class=\"elementor-element elementor-element-db3a893 elementor-widget elementor-widget-image\" data-id=\"db3a893\" data-element_type=\"widget\" data-e-type=\"widget\" data-widget_type=\"image.default\">\n\t\t\t\t<div class=\"elementor-widget-container\">\n\t\t\t\t\t\t\t\t\t\t\t\t\t\t\t<img decoding=\"async\" width=\"2560\" height=\"1114\" src=\"https:\/\/smileprof.com\/wp-content\/uploads\/2024\/07\/misyonumuz_smileprof-scaled.webp\" class=\"attachment-full size-full wp-image-4962\" alt=\"\" srcset=\"https:\/\/smileprof.com\/wp-content\/uploads\/2024\/07\/misyonumuz_smileprof-scaled.webp 2560w, https:\/\/smileprof.com\/wp-content\/uploads\/2024\/07\/misyonumuz_smileprof-300x131.webp 300w, https:\/\/smileprof.com\/wp-content\/uploads\/2024\/07\/misyonumuz_smileprof-1024x446.webp 1024w, https:\/\/smileprof.com\/wp-content\/uploads\/2024\/07\/misyonumuz_smileprof-768x334.webp 768w, https:\/\/smileprof.com\/wp-content\/uploads\/2024\/07\/misyonumuz_smileprof-1536x669.webp 1536w, https:\/\/smileprof.com\/wp-content\/uploads\/2024\/07\/misyonumuz_smileprof-2048x891.webp 2048w, https:\/\/smileprof.com\/wp-content\/uploads\/2024\/07\/misyonumuz_smileprof-18x8.webp 18w, https:\/\/smileprof.com\/wp-content\/uploads\/2024\/07\/misyonumuz_smileprof-600x261.webp 600w\" sizes=\"(max-width: 2560px) 100vw, 2560px\" \/>\t\t\t\t\t\t\t\t\t\t\t\t\t\t\t<\/div>\n\t\t\t\t<\/div>\n\t\t\t\t<\/div>\n\t\t\t\t\t<\/div>\n\t\t\t\t<\/div>\n\t\t\t\t\t<\/div>\n\t\t\t\t<\/div>\n\t\t\t\t<\/div>","protected":false},"excerpt":{"rendered":"<p>Sa\u011fl\u0131k Hizmeti Dan\u0131\u015fmanl\u0131\u011f\u0131 Sa\u011fl\u0131k Dan\u0131\u015fmanl\u0131\u011f\u0131 Hizmetlerimizle: Sizlerin sa\u011fl\u0131k ve ya\u015fam kalitenizi geli\u015ftirmeye yard\u0131mc\u0131 olmak i\u00e7in size \u00f6zel \u00e7\u00f6z\u00fcmler sunmaktay\u0131z. Sa\u011fl\u0131k sorunlar\u0131n\u0131z\u0131 de\u011ferlendirerek, size en uygun sa\u011fl\u0131k hizmetlerine eri\u015fimi sa\u011flamak i\u00e7in rehberlik sunmakta ve sa\u011fl\u0131kl\u0131 ya\u015fam tarz\u0131n\u0131z\u0131 geli\u015ftirmenize yard\u0131mc\u0131 olmaktay\u0131z. Sa\u011fl\u0131k Dan\u0131\u015fmanl\u0131\u011f\u0131 Hizmetlerimiz ile sizin i\u00e7in en iyi, en g\u00fcvenli ve en h\u0131zl\u0131 sa\u011fl\u0131k ve konfor [&hellip;]<\/p>","protected":false},"author":3,"featured_media":0,"parent":0,"menu_order":0,"comment_status":"closed","ping_status":"closed","template":"page-templates\/fullwidth-content.php","meta":{"_jet_sm_ready_style":"","_jet_sm_style":"","_jet_sm_controls_values":"","_jet_sm_fonts_collection":"","_jet_sm_fonts_links":"","footnotes":""},"class_list":["post-4486","page","type-page","status-publish","hentry"],"yoast_head":"<!-- This site is optimized with the Yoast SEO plugin v23.0 - https:\/\/yoast.com\/wordpress\/plugins\/seo\/ -->\n<title>Sa\u011fl\u0131k Hizmeti Dan\u0131\u015fmanl\u0131\u011f\u0131 - Smileprof<\/title>\n<meta name=\"robots\" content=\"index, follow, max-snippet:-1, max-image-preview:large, max-video-preview:-1\" \/>\n<link rel=\"canonical\" href=\"https:\/\/smileprof.com\/en\/saglik-hizmeti-danismanligi\/\" \/>\n<meta property=\"og:locale\" content=\"en_US\" \/>\n<meta property=\"og:type\" content=\"article\" \/>\n<meta property=\"og:title\" content=\"Sa\u011fl\u0131k Hizmeti Dan\u0131\u015fmanl\u0131\u011f\u0131 - Smileprof\" \/>\n<meta property=\"og:description\" content=\"Sa\u011fl\u0131k Hizmeti Dan\u0131\u015fmanl\u0131\u011f\u0131 Sa\u011fl\u0131k Dan\u0131\u015fmanl\u0131\u011f\u0131 Hizmetlerimizle: Sizlerin sa\u011fl\u0131k ve ya\u015fam kalitenizi geli\u015ftirmeye yard\u0131mc\u0131 olmak i\u00e7in size \u00f6zel \u00e7\u00f6z\u00fcmler sunmaktay\u0131z. Sa\u011fl\u0131k sorunlar\u0131n\u0131z\u0131 de\u011ferlendirerek, size en uygun sa\u011fl\u0131k hizmetlerine eri\u015fimi sa\u011flamak i\u00e7in rehberlik sunmakta ve sa\u011fl\u0131kl\u0131 ya\u015fam tarz\u0131n\u0131z\u0131 geli\u015ftirmenize yard\u0131mc\u0131 olmaktay\u0131z. Sa\u011fl\u0131k Dan\u0131\u015fmanl\u0131\u011f\u0131 Hizmetlerimiz ile sizin i\u00e7in en iyi, en g\u00fcvenli ve en h\u0131zl\u0131 sa\u011fl\u0131k ve konfor [&hellip;]\" \/>\n<meta property=\"og:url\" content=\"https:\/\/smileprof.com\/en\/saglik-hizmeti-danismanligi\/\" \/>\n<meta property=\"og:site_name\" content=\"Smileprof\" \/>\n<meta property=\"article:publisher\" content=\"https:\/\/www.facebook.com\/profile.php?id=61559284844640\" \/>\n<meta property=\"article:modified_time\" content=\"2024-07-10T06:55:37+00:00\" \/>\n<meta property=\"og:image\" content=\"https:\/\/smileprof.com\/wp-content\/uploads\/2024\/07\/vizyon_smileprof-scaled.webp\" \/>\n<meta name=\"twitter:card\" content=\"summary_large_image\" \/>\n<meta name=\"twitter:label1\" content=\"Est. reading time\" \/>\n\t<meta name=\"twitter:data1\" content=\"2 minutes\" \/>\n<script type=\"application\/ld+json\" class=\"yoast-schema-graph\">{\"@context\":\"https:\/\/schema.org\",\"@graph\":[{\"@type\":\"WebPage\",\"@id\":\"https:\/\/smileprof.com\/saglik-hizmeti-danismanligi\/\",\"url\":\"https:\/\/smileprof.com\/saglik-hizmeti-danismanligi\/\",\"name\":\"Sa\u011fl\u0131k Hizmeti Dan\u0131\u015fmanl\u0131\u011f\u0131 - Smileprof\",\"isPartOf\":{\"@id\":\"https:\/\/smileprof.com\/#website\"},\"primaryImageOfPage\":{\"@id\":\"https:\/\/smileprof.com\/saglik-hizmeti-danismanligi\/#primaryimage\"},\"image\":{\"@id\":\"https:\/\/smileprof.com\/saglik-hizmeti-danismanligi\/#primaryimage\"},\"thumbnailUrl\":\"https:\/\/smileprof.com\/wp-content\/uploads\/2024\/07\/vizyon_smileprof-scaled.webp\",\"datePublished\":\"2024-06-13T11:59:45+00:00\",\"dateModified\":\"2024-07-10T06:55:37+00:00\",\"breadcrumb\":{\"@id\":\"https:\/\/smileprof.com\/saglik-hizmeti-danismanligi\/#breadcrumb\"},\"inLanguage\":\"en-US\",\"potentialAction\":[{\"@type\":\"ReadAction\",\"target\":[\"https:\/\/smileprof.com\/saglik-hizmeti-danismanligi\/\"]}]},{\"@type\":\"ImageObject\",\"inLanguage\":\"en-US\",\"@id\":\"https:\/\/smileprof.com\/saglik-hizmeti-danismanligi\/#primaryimage\",\"url\":\"https:\/\/smileprof.com\/wp-content\/uploads\/2024\/07\/vizyon_smileprof-scaled.webp\",\"contentUrl\":\"https:\/\/smileprof.com\/wp-content\/uploads\/2024\/07\/vizyon_smileprof-scaled.webp\"},{\"@type\":\"BreadcrumbList\",\"@id\":\"https:\/\/smileprof.com\/saglik-hizmeti-danismanligi\/#breadcrumb\",\"itemListElement\":[{\"@type\":\"ListItem\",\"position\":1,\"name\":\"Home\",\"item\":\"https:\/\/smileprof.com\/\"},{\"@type\":\"ListItem\",\"position\":2,\"name\":\"Sa\u011fl\u0131k Hizmeti Dan\u0131\u015fmanl\u0131\u011f\u0131\"}]},{\"@type\":\"WebSite\",\"@id\":\"https:\/\/smileprof.com\/#website\",\"url\":\"https:\/\/smileprof.com\/\",\"name\":\"Smileprof\",\"description\":\"\",\"publisher\":{\"@id\":\"https:\/\/smileprof.com\/#organization\"},\"potentialAction\":[{\"@type\":\"SearchAction\",\"target\":{\"@type\":\"EntryPoint\",\"urlTemplate\":\"https:\/\/smileprof.com\/?s={search_term_string}\"},\"query-input\":\"required name=search_term_string\"}],\"inLanguage\":\"en-US\"},{\"@type\":\"Organization\",\"@id\":\"https:\/\/smileprof.com\/#organization\",\"name\":\"Smileprof\",\"url\":\"https:\/\/smileprof.com\/\",\"logo\":{\"@type\":\"ImageObject\",\"inLanguage\":\"en-US\",\"@id\":\"https:\/\/smileprof.com\/#\/schema\/logo\/image\/\",\"url\":\"https:\/\/smileprof.com\/wp-content\/uploads\/2020\/03\/logo-2.svg\",\"contentUrl\":\"https:\/\/smileprof.com\/wp-content\/uploads\/2020\/03\/logo-2.svg\",\"width\":81.02,\"height\":11.79,\"caption\":\"Smileprof\"},\"image\":{\"@id\":\"https:\/\/smileprof.com\/#\/schema\/logo\/image\/\"},\"sameAs\":[\"https:\/\/www.facebook.com\/profile.php?id=61559284844640\",\"https:\/\/www.instagram.com\/smileproftr\"]}]}<\/script>\n<!-- \/ Yoast SEO plugin. -->","yoast_head_json":{"title":"Sa\u011fl\u0131k Hizmeti Dan\u0131\u015fmanl\u0131\u011f\u0131 - Smileprof","robots":{"index":"index","follow":"follow","max-snippet":"max-snippet:-1","max-image-preview":"max-image-preview:large","max-video-preview":"max-video-preview:-1"},"canonical":"https:\/\/smileprof.com\/en\/saglik-hizmeti-danismanligi\/","og_locale":"en_US","og_type":"article","og_title":"Sa\u011fl\u0131k Hizmeti Dan\u0131\u015fmanl\u0131\u011f\u0131 - Smileprof","og_description":"Sa\u011fl\u0131k Hizmeti Dan\u0131\u015fmanl\u0131\u011f\u0131 Sa\u011fl\u0131k Dan\u0131\u015fmanl\u0131\u011f\u0131 Hizmetlerimizle: Sizlerin sa\u011fl\u0131k ve ya\u015fam kalitenizi geli\u015ftirmeye yard\u0131mc\u0131 olmak i\u00e7in size \u00f6zel \u00e7\u00f6z\u00fcmler sunmaktay\u0131z. Sa\u011fl\u0131k sorunlar\u0131n\u0131z\u0131 de\u011ferlendirerek, size en uygun sa\u011fl\u0131k hizmetlerine eri\u015fimi sa\u011flamak i\u00e7in rehberlik sunmakta ve sa\u011fl\u0131kl\u0131 ya\u015fam tarz\u0131n\u0131z\u0131 geli\u015ftirmenize yard\u0131mc\u0131 olmaktay\u0131z. Sa\u011fl\u0131k Dan\u0131\u015fmanl\u0131\u011f\u0131 Hizmetlerimiz ile sizin i\u00e7in en iyi, en g\u00fcvenli ve en h\u0131zl\u0131 sa\u011fl\u0131k ve konfor [&hellip;]","og_url":"https:\/\/smileprof.com\/en\/saglik-hizmeti-danismanligi\/","og_site_name":"Smileprof","article_publisher":"https:\/\/www.facebook.com\/profile.php?id=61559284844640","article_modified_time":"2024-07-10T06:55:37+00:00","og_image":[{"url":"https:\/\/smileprof.com\/wp-content\/uploads\/2024\/07\/vizyon_smileprof-scaled.webp"}],"twitter_card":"summary_large_image","twitter_misc":{"Est. reading time":"2 minutes"},"schema":{"@context":"https:\/\/schema.org","@graph":[{"@type":"WebPage","@id":"https:\/\/smileprof.com\/saglik-hizmeti-danismanligi\/","url":"https:\/\/smileprof.com\/saglik-hizmeti-danismanligi\/","name":"Sa\u011fl\u0131k Hizmeti Dan\u0131\u015fmanl\u0131\u011f\u0131 - Smileprof","isPartOf":{"@id":"https:\/\/smileprof.com\/#website"},"primaryImageOfPage":{"@id":"https:\/\/smileprof.com\/saglik-hizmeti-danismanligi\/#primaryimage"},"image":{"@id":"https:\/\/smileprof.com\/saglik-hizmeti-danismanligi\/#primaryimage"},"thumbnailUrl":"https:\/\/smileprof.com\/wp-content\/uploads\/2024\/07\/vizyon_smileprof-scaled.webp","datePublished":"2024-06-13T11:59:45+00:00","dateModified":"2024-07-10T06:55:37+00:00","breadcrumb":{"@id":"https:\/\/smileprof.com\/saglik-hizmeti-danismanligi\/#breadcrumb"},"inLanguage":"en-US","potentialAction":[{"@type":"ReadAction","target":["https:\/\/smileprof.com\/saglik-hizmeti-danismanligi\/"]}]},{"@type":"ImageObject","inLanguage":"en-US","@id":"https:\/\/smileprof.com\/saglik-hizmeti-danismanligi\/#primaryimage","url":"https:\/\/smileprof.com\/wp-content\/uploads\/2024\/07\/vizyon_smileprof-scaled.webp","contentUrl":"https:\/\/smileprof.com\/wp-content\/uploads\/2024\/07\/vizyon_smileprof-scaled.webp"},{"@type":"BreadcrumbList","@id":"https:\/\/smileprof.com\/saglik-hizmeti-danismanligi\/#breadcrumb","itemListElement":[{"@type":"ListItem","position":1,"name":"Home","item":"https:\/\/smileprof.com\/"},{"@type":"ListItem","position":2,"name":"Sa\u011fl\u0131k Hizmeti Dan\u0131\u015fmanl\u0131\u011f\u0131"}]},{"@type":"WebSite","@id":"https:\/\/smileprof.com\/#website","url":"https:\/\/smileprof.com\/","name":"Smileprof","description":"","publisher":{"@id":"https:\/\/smileprof.com\/#organization"},"potentialAction":[{"@type":"SearchAction","target":{"@type":"EntryPoint","urlTemplate":"https:\/\/smileprof.com\/?s={search_term_string}"},"query-input":"required name=search_term_string"}],"inLanguage":"en-US"},{"@type":"Organization","@id":"https:\/\/smileprof.com\/#organization","name":"Smileprof","url":"https:\/\/smileprof.com\/","logo":{"@type":"ImageObject","inLanguage":"en-US","@id":"https:\/\/smileprof.com\/#\/schema\/logo\/image\/","url":"https:\/\/smileprof.com\/wp-content\/uploads\/2020\/03\/logo-2.svg","contentUrl":"https:\/\/smileprof.com\/wp-content\/uploads\/2020\/03\/logo-2.svg","width":81.02,"height":11.79,"caption":"Smileprof"},"image":{"@id":"https:\/\/smileprof.com\/#\/schema\/logo\/image\/"},"sameAs":["https:\/\/www.facebook.com\/profile.php?id=61559284844640","https:\/\/www.instagram.com\/smileproftr"]}]}},"_links":{"self":[{"href":"https:\/\/smileprof.com\/en\/wp-json\/wp\/v2\/pages\/4486","targetHints":{"allow":["GET"]}}],"collection":[{"href":"https:\/\/smileprof.com\/en\/wp-json\/wp\/v2\/pages"}],"about":[{"href":"https:\/\/smileprof.com\/en\/wp-json\/wp\/v2\/types\/page"}],"author":[{"embeddable":true,"href":"https:\/\/smileprof.com\/en\/wp-json\/wp\/v2\/users\/3"}],"replies":[{"embeddable":true,"href":"https:\/\/smileprof.com\/en\/wp-json\/wp\/v2\/comments?post=4486"}],"version-history":[{"count":52,"href":"https:\/\/smileprof.com\/en\/wp-json\/wp\/v2\/pages\/4486\/revisions"}],"predecessor-version":[{"id":5085,"href":"https:\/\/smileprof.com\/en\/wp-json\/wp\/v2\/pages\/4486\/revisions\/5085"}],"wp:attachment":[{"href":"https:\/\/smileprof.com\/en\/wp-json\/wp\/v2\/media?parent=4486"}],"curies":[{"name":"wp","href":"https:\/\/api.w.org\/{rel}","templated":true}]}}